{"id":766,"date":"2018-08-30T15:15:03","date_gmt":"2018-08-30T13:15:03","guid":{"rendered":"https:\/\/www.klofac-hnojiva.cz\/?page_id=766"},"modified":"2018-08-30T15:15:03","modified_gmt":"2018-08-30T13:15:03","slug":"warum-blattduengemittel-klofac","status":"publish","type":"page","link":"https:\/\/www.klofac-hnojiva.cz\/de\/o-nas\/warum-blattduengemittel-klofac\/","title":{"rendered":"Warum Blattd\u00fcngemittel Klof\u00e1\u010d?"},"content":{"rendered":"<p>Wir entwickeln und pr\u00fcfen unsere D\u00fcnger aufgrund von vielj\u00e4hriger Erfahrungen, die Entwicklung und das Testverfahren von neuen D\u00fcngemitteln verl\u00e4uft in den Labors und nachfolgend findet eine \u00dcberpr\u00fcfung in den nat\u00fcrlichen Feldbedingungen statt. In die Schlussregistrierung gelangen somit nur diejenigen D\u00fcngemittel, welche die besten Ergebnisse erreichen.<\/p>\n<p>Direkter Einfluss auf den Ertrag und die Qualit\u00e4t einzelner Nutzpflanzen wird mittels unabh\u00e4ngiger Versuche auf den Standorten des Zentralen Kontroll- und Pr\u00fcfanstalt in Br\u00fcnn, zudem auf den tschechischen Universit\u00e4ten oder spezialisierten Forschungsanstalten in der ganzen Tschechischen Republik und auch im Ausland \u00fcberpr\u00fcft.<\/p>\n<p>Die Blattd\u00fcngemittel von den Typen LAMAG, FUMAG und KLOMAG sind die einzelnen auf dem Markt, die neben der D\u00fcngewirkung auch registrierte pilzt\u00f6tende Wirkung haben.<\/p>\n<p>Man entwickelte in der landwirtschaftlichen Praxis sehr gut aufgenommene D\u00fcngemittel auf der Kohlenstoff-Basis. Diese D\u00fcngemittel, wo die einzelnen Elementen an aktiven Kohlenstoff gekn\u00fcpft sind, werden bei den Landwirten zum untrennbaren Bestandteil der Methodik der Pflanzenern\u00e4hrung, vor allem bei Winterraps, Kornfr\u00fcchten, Zuckerr\u00fcbe, Kartoffeln, Mais, Weinrebe und Gem\u00fcse.<\/p>\n<p>&nbsp;<\/p>\n<p>&nbsp;<\/p>\n    <div class=\"gallery\">\n            <div class=\"cell\">\n            <a href=\"https:\/\/www.klofac-hnojiva.cz\/wp-content\/uploads\/2018\/07\/hp_slideshow_4.jpg\" class=\"cell-inner\" title=\"test1\">\n                <img decoding=\"async\" data-src=\"https:\/\/www.klofac-hnojiva.cz\/wp-content\/uploads\/2018\/07\/hp_slideshow_4-400x341.jpg\" alt=\"hp_slideshow_4\" src=\"data:image\/gif;base64,R0lGODlhAQABAAAAACH5BAEKAAEALAAAAAABAAEAAAICTAEAOw==\" class=\"lazyload\" style=\"--smush-placeholder-width: 400px; --smush-placeholder-aspect-ratio: 400\/341;\" \/><noscript><img decoding=\"async\" src=\"https:\/\/www.klofac-hnojiva.cz\/wp-content\/uploads\/2018\/07\/hp_slideshow_4-400x341.jpg\" alt=\"hp_slideshow_4\" \/><\/noscript>\n            <\/a>\n        <\/div>\n            <div class=\"cell\">\n            <a href=\"https:\/\/www.klofac-hnojiva.cz\/wp-content\/uploads\/2018\/07\/hp_slideshow_3.jpg\" class=\"cell-inner\" title=\"test2\">\n                <img decoding=\"async\" data-src=\"https:\/\/www.klofac-hnojiva.cz\/wp-content\/uploads\/2018\/07\/hp_slideshow_3-400x341.jpg\" alt=\"hp_slideshow_3\" src=\"data:image\/gif;base64,R0lGODlhAQABAAAAACH5BAEKAAEALAAAAAABAAEAAAICTAEAOw==\" class=\"lazyload\" style=\"--smush-placeholder-width: 400px; --smush-placeholder-aspect-ratio: 400\/341;\" \/><noscript><img decoding=\"async\" src=\"https:\/\/www.klofac-hnojiva.cz\/wp-content\/uploads\/2018\/07\/hp_slideshow_3-400x341.jpg\" alt=\"hp_slideshow_3\" \/><\/noscript>\n            <\/a>\n        <\/div>\n            <div class=\"cell\">\n            <a href=\"https:\/\/www.klofac-hnojiva.cz\/wp-content\/uploads\/2018\/07\/hp_slideshow_2.jpg\" class=\"cell-inner\" title=\"test3\">\n                <img decoding=\"async\" data-src=\"https:\/\/www.klofac-hnojiva.cz\/wp-content\/uploads\/2018\/07\/hp_slideshow_2-400x341.jpg\" alt=\"hp_slideshow_2\" src=\"data:image\/gif;base64,R0lGODlhAQABAAAAACH5BAEKAAEALAAAAAABAAEAAAICTAEAOw==\" class=\"lazyload\" style=\"--smush-placeholder-width: 400px; --smush-placeholder-aspect-ratio: 400\/341;\" \/><noscript><img decoding=\"async\" src=\"https:\/\/www.klofac-hnojiva.cz\/wp-content\/uploads\/2018\/07\/hp_slideshow_2-400x341.jpg\" alt=\"hp_slideshow_2\" \/><\/noscript>\n            <\/a>\n        <\/div>\n            <div class=\"cell\">\n            <a href=\"https:\/\/www.klofac-hnojiva.cz\/wp-content\/uploads\/2018\/07\/hp_slideshow_1.jpg\" class=\"cell-inner\" title=\"test4\">\n                <img decoding=\"async\" data-src=\"https:\/\/www.klofac-hnojiva.cz\/wp-content\/uploads\/2018\/07\/hp_slideshow_1-400x341.jpg\" alt=\"hp_slideshow_1\" src=\"data:image\/gif;base64,R0lGODlhAQABAAAAACH5BAEKAAEALAAAAAABAAEAAAICTAEAOw==\" class=\"lazyload\" style=\"--smush-placeholder-width: 400px; --smush-placeholder-aspect-ratio: 400\/341;\" \/><noscript><img decoding=\"async\" src=\"https:\/\/www.klofac-hnojiva.cz\/wp-content\/uploads\/2018\/07\/hp_slideshow_1-400x341.jpg\" alt=\"hp_slideshow_1\" \/><\/noscript>\n            <\/a>\n        <\/div>\n        <\/div>\n    \n<p>&nbsp;<\/p>\n<p>&nbsp;<\/p>\n<h2 class=\"headline headline--align-right\"><span>Zukunftspl\u00e4ne<\/span><\/h2>\n<p>F\u00fcr die Zukunft richten wir unsere Aufmerksamkeit auf die Herstellung solcher D\u00fcngemittel, deren Eigenschaften und Leistung bedeutend die Ertragsh\u00f6he und auch die Qualit\u00e4t der angebauten Nutzpflanzen beeinflussen k\u00f6nnen. wir glauben, dass diese Pr\u00e4sentation zur leichteren Orientation in unserem Angebot spezieller D\u00fcngemittel beitragen wird und Ihnen helfen wird sich richtig den konkreten D\u00fcngemitteltyp f\u00fcr ihre Nutzpflanze auszuw\u00e4hlen.<\/p>\n","protected":false},"excerpt":{"rendered":"<p>Wir entwickeln und pr\u00fcfen unsere D\u00fcnger aufgrund von vielj\u00e4hriger Erfahrungen, die Entwicklung und das Testverfahren von neuen D\u00fcngemitteln verl\u00e4uft in den Labors und nachfolgend findet eine \u00dcberpr\u00fcfung in den nat\u00fcrlichen Feldbedingungen statt. In die Schlussregistrierung gelangen somit nur diejenigen D\u00fcngemittel, welche die besten Ergebnisse erreichen. Direkter Einfluss auf den Ertrag und die Qualit\u00e4t einzelner Nutzpflanzen [&hellip;]<\/p>\n","protected":false},"author":5,"featured_media":0,"parent":762,"menu_order":1,"comment_status":"closed","ping_status":"closed","template":"","meta":{"_acf_changed":false,"footnotes":""},"class_list":["post-766","page","type-page","status-publish","hentry"],"acf":[],"yoast_head":"<!-- This site is optimized with the Yoast SEO plugin v23.9 - https:\/\/yoast.com\/wordpress\/plugins\/seo\/ -->\n<title>Warum Blattd\u00fcngemittel Klof\u00e1\u010d? - Klof\u00e1\u010d D\u00fcnger<\/title>\n<meta name=\"robots\" content=\"index, follow, max-snippet:-1, max-image-preview:large, max-video-preview:-1\" \/>\n<link rel=\"canonical\" href=\"https:\/\/www.klofac-hnojiva.cz\/o-nas\/proc-listova-hnojiva-klofac\/\" \/>\n<meta property=\"og:locale\" content=\"de_DE\" \/>\n<meta property=\"og:type\" content=\"article\" \/>\n<meta property=\"og:title\" content=\"Warum Blattd\u00fcngemittel Klof\u00e1\u010d? - Klof\u00e1\u010d D\u00fcnger\" \/>\n<meta property=\"og:description\" content=\"Wir entwickeln und pr\u00fcfen unsere D\u00fcnger aufgrund von vielj\u00e4hriger Erfahrungen, die Entwicklung und das Testverfahren von neuen D\u00fcngemitteln verl\u00e4uft in den Labors und nachfolgend findet eine \u00dcberpr\u00fcfung in den nat\u00fcrlichen Feldbedingungen statt. In die Schlussregistrierung gelangen somit nur diejenigen D\u00fcngemittel, welche die besten Ergebnisse erreichen. Direkter Einfluss auf den Ertrag und die Qualit\u00e4t einzelner Nutzpflanzen [&hellip;]\" \/>\n<meta property=\"og:url\" content=\"https:\/\/www.klofac-hnojiva.cz\/o-nas\/proc-listova-hnojiva-klofac\/\" \/>\n<meta property=\"og:site_name\" content=\"Klof\u00e1\u010d D\u00fcnger\" \/>\n<meta property=\"og:image\" content=\"https:\/\/www.klofac-hnojiva.cz\/wp-content\/uploads\/2018\/07\/hp_slideshow_4-400x341.jpg\" \/>\n<meta name=\"twitter:card\" content=\"summary_large_image\" \/>\n<meta name=\"twitter:label1\" content=\"Gesch\u00e4tzte Lesezeit\" \/>\n\t<meta name=\"twitter:data1\" content=\"1 minute\" \/>\n<script type=\"application\/ld+json\" class=\"yoast-schema-graph\">{\"@context\":\"https:\/\/schema.org\",\"@graph\":[{\"@type\":\"WebPage\",\"@id\":\"https:\/\/www.klofac-hnojiva.cz\/o-nas\/proc-listova-hnojiva-klofac\/\",\"url\":\"https:\/\/www.klofac-hnojiva.cz\/o-nas\/proc-listova-hnojiva-klofac\/\",\"name\":\"Warum Blattd\u00fcngemittel Klof\u00e1\u010d? - Klof\u00e1\u010d D\u00fcnger\",\"isPartOf\":{\"@id\":\"https:\/\/www.klofac-hnojiva.cz\/#website\"},\"datePublished\":\"2018-08-30T13:15:03+00:00\",\"dateModified\":\"2018-08-30T13:15:03+00:00\",\"breadcrumb\":{\"@id\":\"https:\/\/www.klofac-hnojiva.cz\/o-nas\/proc-listova-hnojiva-klofac\/#breadcrumb\"},\"inLanguage\":\"de-DE\",\"potentialAction\":[{\"@type\":\"ReadAction\",\"target\":[\"https:\/\/www.klofac-hnojiva.cz\/o-nas\/proc-listova-hnojiva-klofac\/\"]}]},{\"@type\":\"BreadcrumbList\",\"@id\":\"https:\/\/www.klofac-hnojiva.cz\/o-nas\/proc-listova-hnojiva-klofac\/#breadcrumb\",\"itemListElement\":[{\"@type\":\"ListItem\",\"position\":1,\"name\":\"Dom\u016f\",\"item\":\"https:\/\/www.klofac-hnojiva.cz\/de\/\"},{\"@type\":\"ListItem\",\"position\":2,\"name\":\"\u00dcber uns\",\"item\":\"https:\/\/www.klofac-hnojiva.cz\/o-nas\/\"},{\"@type\":\"ListItem\",\"position\":3,\"name\":\"Warum Blattd\u00fcngemittel Klof\u00e1\u010d?\"}]},{\"@type\":\"WebSite\",\"@id\":\"https:\/\/www.klofac-hnojiva.cz\/#website\",\"url\":\"https:\/\/www.klofac-hnojiva.cz\/\",\"name\":\"Klof\u00e1\u010d D\u00fcnger\",\"description\":\"Blattd\u00fcnger  Klof\u00e1\u010d - einzigartige D\u00fcngemittel auf kohlenstoff-basis\",\"potentialAction\":[{\"@type\":\"SearchAction\",\"target\":{\"@type\":\"EntryPoint\",\"urlTemplate\":\"https:\/\/www.klofac-hnojiva.cz\/?s={search_term_string}\"},\"query-input\":{\"@type\":\"PropertyValueSpecification\",\"valueRequired\":true,\"valueName\":\"search_term_string\"}}],\"inLanguage\":\"de-DE\"}]}<\/script>\n<!-- \/ Yoast SEO plugin. -->","yoast_head_json":{"title":"Warum Blattd\u00fcngemittel Klof\u00e1\u010d? - Klof\u00e1\u010d D\u00fcnger","robots":{"index":"index","follow":"follow","max-snippet":"max-snippet:-1","max-image-preview":"max-image-preview:large","max-video-preview":"max-video-preview:-1"},"canonical":"https:\/\/www.klofac-hnojiva.cz\/o-nas\/proc-listova-hnojiva-klofac\/","og_locale":"de_DE","og_type":"article","og_title":"Warum Blattd\u00fcngemittel Klof\u00e1\u010d? - Klof\u00e1\u010d D\u00fcnger","og_description":"Wir entwickeln und pr\u00fcfen unsere D\u00fcnger aufgrund von vielj\u00e4hriger Erfahrungen, die Entwicklung und das Testverfahren von neuen D\u00fcngemitteln verl\u00e4uft in den Labors und nachfolgend findet eine \u00dcberpr\u00fcfung in den nat\u00fcrlichen Feldbedingungen statt. In die Schlussregistrierung gelangen somit nur diejenigen D\u00fcngemittel, welche die besten Ergebnisse erreichen. Direkter Einfluss auf den Ertrag und die Qualit\u00e4t einzelner Nutzpflanzen [&hellip;]","og_url":"https:\/\/www.klofac-hnojiva.cz\/o-nas\/proc-listova-hnojiva-klofac\/","og_site_name":"Klof\u00e1\u010d D\u00fcnger","og_image":[{"url":"https:\/\/www.klofac-hnojiva.cz\/wp-content\/uploads\/2018\/07\/hp_slideshow_4-400x341.jpg"}],"twitter_card":"summary_large_image","twitter_misc":{"Gesch\u00e4tzte Lesezeit":"1 minute"},"schema":{"@context":"https:\/\/schema.org","@graph":[{"@type":"WebPage","@id":"https:\/\/www.klofac-hnojiva.cz\/o-nas\/proc-listova-hnojiva-klofac\/","url":"https:\/\/www.klofac-hnojiva.cz\/o-nas\/proc-listova-hnojiva-klofac\/","name":"Warum Blattd\u00fcngemittel Klof\u00e1\u010d? - Klof\u00e1\u010d D\u00fcnger","isPartOf":{"@id":"https:\/\/www.klofac-hnojiva.cz\/#website"},"datePublished":"2018-08-30T13:15:03+00:00","dateModified":"2018-08-30T13:15:03+00:00","breadcrumb":{"@id":"https:\/\/www.klofac-hnojiva.cz\/o-nas\/proc-listova-hnojiva-klofac\/#breadcrumb"},"inLanguage":"de-DE","potentialAction":[{"@type":"ReadAction","target":["https:\/\/www.klofac-hnojiva.cz\/o-nas\/proc-listova-hnojiva-klofac\/"]}]},{"@type":"BreadcrumbList","@id":"https:\/\/www.klofac-hnojiva.cz\/o-nas\/proc-listova-hnojiva-klofac\/#breadcrumb","itemListElement":[{"@type":"ListItem","position":1,"name":"Dom\u016f","item":"https:\/\/www.klofac-hnojiva.cz\/de\/"},{"@type":"ListItem","position":2,"name":"\u00dcber uns","item":"https:\/\/www.klofac-hnojiva.cz\/o-nas\/"},{"@type":"ListItem","position":3,"name":"Warum Blattd\u00fcngemittel Klof\u00e1\u010d?"}]},{"@type":"WebSite","@id":"https:\/\/www.klofac-hnojiva.cz\/#website","url":"https:\/\/www.klofac-hnojiva.cz\/","name":"Klof\u00e1\u010d D\u00fcnger","description":"Blattd\u00fcnger  Klof\u00e1\u010d - einzigartige D\u00fcngemittel auf kohlenstoff-basis","potentialAction":[{"@type":"SearchAction","target":{"@type":"EntryPoint","urlTemplate":"https:\/\/www.klofac-hnojiva.cz\/?s={search_term_string}"},"query-input":{"@type":"PropertyValueSpecification","valueRequired":true,"valueName":"search_term_string"}}],"inLanguage":"de-DE"}]}},"_links":{"self":[{"href":"https:\/\/www.klofac-hnojiva.cz\/de\/wp-json\/wp\/v2\/pages\/766","targetHints":{"allow":["GET"]}}],"collection":[{"href":"https:\/\/www.klofac-hnojiva.cz\/de\/wp-json\/wp\/v2\/pages"}],"about":[{"href":"https:\/\/www.klofac-hnojiva.cz\/de\/wp-json\/wp\/v2\/types\/page"}],"author":[{"embeddable":true,"href":"https:\/\/www.klofac-hnojiva.cz\/de\/wp-json\/wp\/v2\/users\/5"}],"replies":[{"embeddable":true,"href":"https:\/\/www.klofac-hnojiva.cz\/de\/wp-json\/wp\/v2\/comments?post=766"}],"version-history":[{"count":1,"href":"https:\/\/www.klofac-hnojiva.cz\/de\/wp-json\/wp\/v2\/pages\/766\/revisions"}],"predecessor-version":[{"id":767,"href":"https:\/\/www.klofac-hnojiva.cz\/de\/wp-json\/wp\/v2\/pages\/766\/revisions\/767"}],"up":[{"embeddable":true,"href":"https:\/\/www.klofac-hnojiva.cz\/de\/wp-json\/wp\/v2\/pages\/762"}],"wp:attachment":[{"href":"https:\/\/www.klofac-hnojiva.cz\/de\/wp-json\/wp\/v2\/media?parent=766"}],"curies":[{"name":"wp","href":"https:\/\/api.w.org\/{rel}","templated":true}]}}