{"id":898,"date":"2018-09-04T08:25:39","date_gmt":"2018-09-04T06:25:39","guid":{"rendered":"https:\/\/www.klofac-hnojiva.cz\/blattdunger\/"},"modified":"2018-09-11T09:24:42","modified_gmt":"2018-09-11T07:24:42","slug":"blattdunger","status":"publish","type":"page","link":"https:\/\/www.klofac-hnojiva.cz\/de\/","title":{"rendered":"Blattd\u00fcnger"},"content":{"rendered":"<p class=\"claim\">Herstellung, Verkauf, Distribution<\/p>\n<p>Nach \u00fcppiger und qualit\u00e4tsvoller Ernte sehnt sich jeder Landwirt und auch Kleing\u00e4rtner. Mit unseren Blattd\u00fcngern, welche unter der Marke KLOF\u00c1\u010c hergestellt werden, haben Sie die Sicherheit h\u00f6herer Ertr\u00e4ge und auch der Qualit\u00e4t einzelner Produkte.<\/p>\n<p><a class=\"btn\" href=\"https:\/\/www.klofac-hnojiva.cz\/vysledky-testu\/\">Weitere Informationen<\/a><\/p>\n","protected":false},"excerpt":{"rendered":"<p>Herstellung, Verkauf, Distribution Nach \u00fcppiger und qualit\u00e4tsvoller Ernte sehnt sich jeder Landwirt und auch Kleing\u00e4rtner. Mit unseren Blattd\u00fcngern, welche unter der Marke KLOF\u00c1\u010c hergestellt werden, haben Sie die Sicherheit h\u00f6herer Ertr\u00e4ge und auch der Qualit\u00e4t einzelner Produkte. Weitere Informationen<\/p>\n","protected":false},"author":4,"featured_media":0,"parent":0,"menu_order":0,"comment_status":"closed","ping_status":"closed","template":"","meta":{"_acf_changed":false,"footnotes":""},"class_list":["post-898","page","type-page","status-publish","hentry"],"acf":[],"yoast_head":"<!-- This site is optimized with the Yoast SEO plugin v23.9 - https:\/\/yoast.com\/wordpress\/plugins\/seo\/ -->\n<title>Blattd\u00fcnger - Klof\u00e1\u010d D\u00fcnger<\/title>\n<meta name=\"robots\" content=\"index, follow, max-snippet:-1, max-image-preview:large, max-video-preview:-1\" \/>\n<link rel=\"canonical\" href=\"https:\/\/www.klofac-hnojiva.cz\/de\/\" \/>\n<meta property=\"og:locale\" content=\"de_DE\" \/>\n<meta property=\"og:type\" content=\"article\" \/>\n<meta property=\"og:title\" content=\"Blattd\u00fcnger - Klof\u00e1\u010d D\u00fcnger\" \/>\n<meta property=\"og:description\" content=\"Herstellung, Verkauf, Distribution Nach \u00fcppiger und qualit\u00e4tsvoller Ernte sehnt sich jeder Landwirt und auch Kleing\u00e4rtner. Mit unseren Blattd\u00fcngern, welche unter der Marke KLOF\u00c1\u010c hergestellt werden, haben Sie die Sicherheit h\u00f6herer Ertr\u00e4ge und auch der Qualit\u00e4t einzelner Produkte. Weitere Informationen\" \/>\n<meta property=\"og:url\" content=\"https:\/\/www.klofac-hnojiva.cz\/de\/\" \/>\n<meta property=\"og:site_name\" content=\"Klof\u00e1\u010d D\u00fcnger\" \/>\n<meta property=\"article:modified_time\" content=\"2018-09-11T07:24:42+00:00\" \/>\n<meta name=\"twitter:card\" content=\"summary_large_image\" \/>\n<script type=\"application\/ld+json\" class=\"yoast-schema-graph\">{\"@context\":\"https:\/\/schema.org\",\"@graph\":[{\"@type\":\"WebPage\",\"@id\":\"https:\/\/www.klofac-hnojiva.cz\/de\/\",\"url\":\"https:\/\/www.klofac-hnojiva.cz\/de\/\",\"name\":\"Blattd\u00fcnger - Klof\u00e1\u010d D\u00fcnger\",\"isPartOf\":{\"@id\":\"https:\/\/www.klofac-hnojiva.cz\/#website\"},\"datePublished\":\"2018-09-04T06:25:39+00:00\",\"dateModified\":\"2018-09-11T07:24:42+00:00\",\"breadcrumb\":{\"@id\":\"https:\/\/www.klofac-hnojiva.cz\/de\/#breadcrumb\"},\"inLanguage\":\"de-DE\",\"potentialAction\":[{\"@type\":\"ReadAction\",\"target\":[\"https:\/\/www.klofac-hnojiva.cz\/de\/\"]}]},{\"@type\":\"BreadcrumbList\",\"@id\":\"https:\/\/www.klofac-hnojiva.cz\/de\/#breadcrumb\",\"itemListElement\":[{\"@type\":\"ListItem\",\"position\":1,\"name\":\"Dom\u016f\",\"item\":\"https:\/\/www.klofac-hnojiva.cz\/de\/\"},{\"@type\":\"ListItem\",\"position\":2,\"name\":\"Blattd\u00fcnger\"}]},{\"@type\":\"WebSite\",\"@id\":\"https:\/\/www.klofac-hnojiva.cz\/#website\",\"url\":\"https:\/\/www.klofac-hnojiva.cz\/\",\"name\":\"Klof\u00e1\u010d D\u00fcnger\",\"description\":\"Blattd\u00fcnger  Klof\u00e1\u010d - einzigartige D\u00fcngemittel auf kohlenstoff-basis\",\"potentialAction\":[{\"@type\":\"SearchAction\",\"target\":{\"@type\":\"EntryPoint\",\"urlTemplate\":\"https:\/\/www.klofac-hnojiva.cz\/?s={search_term_string}\"},\"query-input\":{\"@type\":\"PropertyValueSpecification\",\"valueRequired\":true,\"valueName\":\"search_term_string\"}}],\"inLanguage\":\"de-DE\"}]}<\/script>\n<!-- \/ Yoast SEO plugin. -->","yoast_head_json":{"title":"Blattd\u00fcnger - Klof\u00e1\u010d D\u00fcnger","robots":{"index":"index","follow":"follow","max-snippet":"max-snippet:-1","max-image-preview":"max-image-preview:large","max-video-preview":"max-video-preview:-1"},"canonical":"https:\/\/www.klofac-hnojiva.cz\/de\/","og_locale":"de_DE","og_type":"article","og_title":"Blattd\u00fcnger - Klof\u00e1\u010d D\u00fcnger","og_description":"Herstellung, Verkauf, Distribution Nach \u00fcppiger und qualit\u00e4tsvoller Ernte sehnt sich jeder Landwirt und auch Kleing\u00e4rtner. Mit unseren Blattd\u00fcngern, welche unter der Marke KLOF\u00c1\u010c hergestellt werden, haben Sie die Sicherheit h\u00f6herer Ertr\u00e4ge und auch der Qualit\u00e4t einzelner Produkte. Weitere Informationen","og_url":"https:\/\/www.klofac-hnojiva.cz\/de\/","og_site_name":"Klof\u00e1\u010d D\u00fcnger","article_modified_time":"2018-09-11T07:24:42+00:00","twitter_card":"summary_large_image","schema":{"@context":"https:\/\/schema.org","@graph":[{"@type":"WebPage","@id":"https:\/\/www.klofac-hnojiva.cz\/de\/","url":"https:\/\/www.klofac-hnojiva.cz\/de\/","name":"Blattd\u00fcnger - Klof\u00e1\u010d D\u00fcnger","isPartOf":{"@id":"https:\/\/www.klofac-hnojiva.cz\/#website"},"datePublished":"2018-09-04T06:25:39+00:00","dateModified":"2018-09-11T07:24:42+00:00","breadcrumb":{"@id":"https:\/\/www.klofac-hnojiva.cz\/de\/#breadcrumb"},"inLanguage":"de-DE","potentialAction":[{"@type":"ReadAction","target":["https:\/\/www.klofac-hnojiva.cz\/de\/"]}]},{"@type":"BreadcrumbList","@id":"https:\/\/www.klofac-hnojiva.cz\/de\/#breadcrumb","itemListElement":[{"@type":"ListItem","position":1,"name":"Dom\u016f","item":"https:\/\/www.klofac-hnojiva.cz\/de\/"},{"@type":"ListItem","position":2,"name":"Blattd\u00fcnger"}]},{"@type":"WebSite","@id":"https:\/\/www.klofac-hnojiva.cz\/#website","url":"https:\/\/www.klofac-hnojiva.cz\/","name":"Klof\u00e1\u010d D\u00fcnger","description":"Blattd\u00fcnger  Klof\u00e1\u010d - einzigartige D\u00fcngemittel auf kohlenstoff-basis","potentialAction":[{"@type":"SearchAction","target":{"@type":"EntryPoint","urlTemplate":"https:\/\/www.klofac-hnojiva.cz\/?s={search_term_string}"},"query-input":{"@type":"PropertyValueSpecification","valueRequired":true,"valueName":"search_term_string"}}],"inLanguage":"de-DE"}]}},"_links":{"self":[{"href":"https:\/\/www.klofac-hnojiva.cz\/de\/wp-json\/wp\/v2\/pages\/898","targetHints":{"allow":["GET"]}}],"collection":[{"href":"https:\/\/www.klofac-hnojiva.cz\/de\/wp-json\/wp\/v2\/pages"}],"about":[{"href":"https:\/\/www.klofac-hnojiva.cz\/de\/wp-json\/wp\/v2\/types\/page"}],"author":[{"embeddable":true,"href":"https:\/\/www.klofac-hnojiva.cz\/de\/wp-json\/wp\/v2\/users\/4"}],"replies":[{"embeddable":true,"href":"https:\/\/www.klofac-hnojiva.cz\/de\/wp-json\/wp\/v2\/comments?post=898"}],"version-history":[{"count":1,"href":"https:\/\/www.klofac-hnojiva.cz\/de\/wp-json\/wp\/v2\/pages\/898\/revisions"}],"predecessor-version":[{"id":925,"href":"https:\/\/www.klofac-hnojiva.cz\/de\/wp-json\/wp\/v2\/pages\/898\/revisions\/925"}],"wp:attachment":[{"href":"https:\/\/www.klofac-hnojiva.cz\/de\/wp-json\/wp\/v2\/media?parent=898"}],"curies":[{"name":"wp","href":"https:\/\/api.w.org\/{rel}","templated":true}]}}