{"id":906,"date":"2018-09-04T08:28:54","date_gmt":"2018-09-04T06:28:54","guid":{"rendered":"https:\/\/www.klofac-hnojiva.cz\/?page_id=906"},"modified":"2018-09-04T08:28:54","modified_gmt":"2018-09-04T06:28:54","slug":"testergebnisse","status":"publish","type":"page","link":"https:\/\/www.klofac-hnojiva.cz\/de\/testergebnisse\/","title":{"rendered":"Testergebnisse"},"content":{"rendered":"<p class=\"claim\">Herstellung, Verkauf, Distribution<\/p>\n","protected":false},"excerpt":{"rendered":"<p>Herstellung, Verkauf, Distribution<\/p>\n","protected":false},"author":5,"featured_media":0,"parent":0,"menu_order":0,"comment_status":"closed","ping_status":"closed","template":"","meta":{"_acf_changed":false,"footnotes":""},"class_list":["post-906","page","type-page","status-publish","hentry"],"acf":[],"yoast_head":"<!-- This site is optimized with the Yoast SEO plugin v23.9 - https:\/\/yoast.com\/wordpress\/plugins\/seo\/ -->\n<title>Testergebnisse - Klof\u00e1\u010d D\u00fcnger<\/title>\n<meta name=\"robots\" content=\"index, follow, max-snippet:-1, max-image-preview:large, max-video-preview:-1\" \/>\n<link rel=\"canonical\" href=\"https:\/\/www.klofac-hnojiva.cz\/vysledky-testu\/\" \/>\n<meta property=\"og:locale\" content=\"de_DE\" \/>\n<meta property=\"og:type\" content=\"article\" \/>\n<meta property=\"og:title\" content=\"Testergebnisse - Klof\u00e1\u010d D\u00fcnger\" \/>\n<meta property=\"og:description\" content=\"Herstellung, Verkauf, Distribution\" \/>\n<meta property=\"og:url\" content=\"https:\/\/www.klofac-hnojiva.cz\/vysledky-testu\/\" \/>\n<meta property=\"og:site_name\" content=\"Klof\u00e1\u010d D\u00fcnger\" \/>\n<meta name=\"twitter:card\" content=\"summary_large_image\" \/>\n<script type=\"application\/ld+json\" class=\"yoast-schema-graph\">{\"@context\":\"https:\/\/schema.org\",\"@graph\":[{\"@type\":\"WebPage\",\"@id\":\"https:\/\/www.klofac-hnojiva.cz\/vysledky-testu\/\",\"url\":\"https:\/\/www.klofac-hnojiva.cz\/vysledky-testu\/\",\"name\":\"Testergebnisse - Klof\u00e1\u010d D\u00fcnger\",\"isPartOf\":{\"@id\":\"https:\/\/www.klofac-hnojiva.cz\/#website\"},\"datePublished\":\"2018-09-04T06:28:54+00:00\",\"dateModified\":\"2018-09-04T06:28:54+00:00\",\"breadcrumb\":{\"@id\":\"https:\/\/www.klofac-hnojiva.cz\/vysledky-testu\/#breadcrumb\"},\"inLanguage\":\"de-DE\",\"potentialAction\":[{\"@type\":\"ReadAction\",\"target\":[\"https:\/\/www.klofac-hnojiva.cz\/vysledky-testu\/\"]}]},{\"@type\":\"BreadcrumbList\",\"@id\":\"https:\/\/www.klofac-hnojiva.cz\/vysledky-testu\/#breadcrumb\",\"itemListElement\":[{\"@type\":\"ListItem\",\"position\":1,\"name\":\"Dom\u016f\",\"item\":\"https:\/\/www.klofac-hnojiva.cz\/de\/\"},{\"@type\":\"ListItem\",\"position\":2,\"name\":\"Testergebnisse\"}]},{\"@type\":\"WebSite\",\"@id\":\"https:\/\/www.klofac-hnojiva.cz\/#website\",\"url\":\"https:\/\/www.klofac-hnojiva.cz\/\",\"name\":\"Klof\u00e1\u010d D\u00fcnger\",\"description\":\"Blattd\u00fcnger  Klof\u00e1\u010d - einzigartige D\u00fcngemittel auf kohlenstoff-basis\",\"potentialAction\":[{\"@type\":\"SearchAction\",\"target\":{\"@type\":\"EntryPoint\",\"urlTemplate\":\"https:\/\/www.klofac-hnojiva.cz\/?s={search_term_string}\"},\"query-input\":{\"@type\":\"PropertyValueSpecification\",\"valueRequired\":true,\"valueName\":\"search_term_string\"}}],\"inLanguage\":\"de-DE\"}]}<\/script>\n<!-- \/ Yoast SEO plugin. -->","yoast_head_json":{"title":"Testergebnisse - Klof\u00e1\u010d D\u00fcnger","robots":{"index":"index","follow":"follow","max-snippet":"max-snippet:-1","max-image-preview":"max-image-preview:large","max-video-preview":"max-video-preview:-1"},"canonical":"https:\/\/www.klofac-hnojiva.cz\/vysledky-testu\/","og_locale":"de_DE","og_type":"article","og_title":"Testergebnisse - Klof\u00e1\u010d D\u00fcnger","og_description":"Herstellung, Verkauf, Distribution","og_url":"https:\/\/www.klofac-hnojiva.cz\/vysledky-testu\/","og_site_name":"Klof\u00e1\u010d D\u00fcnger","twitter_card":"summary_large_image","schema":{"@context":"https:\/\/schema.org","@graph":[{"@type":"WebPage","@id":"https:\/\/www.klofac-hnojiva.cz\/vysledky-testu\/","url":"https:\/\/www.klofac-hnojiva.cz\/vysledky-testu\/","name":"Testergebnisse - Klof\u00e1\u010d D\u00fcnger","isPartOf":{"@id":"https:\/\/www.klofac-hnojiva.cz\/#website"},"datePublished":"2018-09-04T06:28:54+00:00","dateModified":"2018-09-04T06:28:54+00:00","breadcrumb":{"@id":"https:\/\/www.klofac-hnojiva.cz\/vysledky-testu\/#breadcrumb"},"inLanguage":"de-DE","potentialAction":[{"@type":"ReadAction","target":["https:\/\/www.klofac-hnojiva.cz\/vysledky-testu\/"]}]},{"@type":"BreadcrumbList","@id":"https:\/\/www.klofac-hnojiva.cz\/vysledky-testu\/#breadcrumb","itemListElement":[{"@type":"ListItem","position":1,"name":"Dom\u016f","item":"https:\/\/www.klofac-hnojiva.cz\/de\/"},{"@type":"ListItem","position":2,"name":"Testergebnisse"}]},{"@type":"WebSite","@id":"https:\/\/www.klofac-hnojiva.cz\/#website","url":"https:\/\/www.klofac-hnojiva.cz\/","name":"Klof\u00e1\u010d D\u00fcnger","description":"Blattd\u00fcnger  Klof\u00e1\u010d - einzigartige D\u00fcngemittel auf kohlenstoff-basis","potentialAction":[{"@type":"SearchAction","target":{"@type":"EntryPoint","urlTemplate":"https:\/\/www.klofac-hnojiva.cz\/?s={search_term_string}"},"query-input":{"@type":"PropertyValueSpecification","valueRequired":true,"valueName":"search_term_string"}}],"inLanguage":"de-DE"}]}},"_links":{"self":[{"href":"https:\/\/www.klofac-hnojiva.cz\/de\/wp-json\/wp\/v2\/pages\/906","targetHints":{"allow":["GET"]}}],"collection":[{"href":"https:\/\/www.klofac-hnojiva.cz\/de\/wp-json\/wp\/v2\/pages"}],"about":[{"href":"https:\/\/www.klofac-hnojiva.cz\/de\/wp-json\/wp\/v2\/types\/page"}],"author":[{"embeddable":true,"href":"https:\/\/www.klofac-hnojiva.cz\/de\/wp-json\/wp\/v2\/users\/5"}],"replies":[{"embeddable":true,"href":"https:\/\/www.klofac-hnojiva.cz\/de\/wp-json\/wp\/v2\/comments?post=906"}],"version-history":[{"count":1,"href":"https:\/\/www.klofac-hnojiva.cz\/de\/wp-json\/wp\/v2\/pages\/906\/revisions"}],"predecessor-version":[{"id":907,"href":"https:\/\/www.klofac-hnojiva.cz\/de\/wp-json\/wp\/v2\/pages\/906\/revisions\/907"}],"wp:attachment":[{"href":"https:\/\/www.klofac-hnojiva.cz\/de\/wp-json\/wp\/v2\/media?parent=906"}],"curies":[{"name":"wp","href":"https:\/\/api.w.org\/{rel}","templated":true}]}}