{"id":661,"date":"2018-08-28T09:44:14","date_gmt":"2018-08-28T07:44:14","guid":{"rendered":"https:\/\/www.klofac-hnojiva.cz\/about-us\/"},"modified":"2018-09-13T17:11:43","modified_gmt":"2018-09-13T15:11:43","slug":"o-nas","status":"publish","type":"page","link":"https:\/\/www.klofac-hnojiva.cz\/en\/o-nas\/","title":{"rendered":"About us"},"content":{"rendered":"<p class=\"claim\">Production, sales, distribution<\/p>\n","protected":false},"excerpt":{"rendered":"<p>Production, sales, distribution<\/p>\n","protected":false},"author":4,"featured_media":0,"parent":0,"menu_order":0,"comment_status":"closed","ping_status":"closed","template":"","meta":{"_acf_changed":false,"footnotes":""},"class_list":["post-661","page","type-page","status-publish","hentry"],"acf":[],"yoast_head":"<!-- This site is optimized with the Yoast SEO plugin v23.9 - https:\/\/yoast.com\/wordpress\/plugins\/seo\/ -->\n<title>About us - Fertilizers Klof\u00e1\u010d<\/title>\n<meta name=\"robots\" content=\"index, follow, max-snippet:-1, max-image-preview:large, max-video-preview:-1\" \/>\n<link rel=\"canonical\" href=\"https:\/\/www.klofac-hnojiva.cz\/o-nas\/\" \/>\n<meta property=\"og:locale\" content=\"en_US\" \/>\n<meta property=\"og:type\" content=\"article\" \/>\n<meta property=\"og:title\" content=\"About us - Fertilizers Klof\u00e1\u010d\" \/>\n<meta property=\"og:description\" content=\"Production, sales, distribution\" \/>\n<meta property=\"og:url\" content=\"https:\/\/www.klofac-hnojiva.cz\/o-nas\/\" \/>\n<meta property=\"og:site_name\" content=\"Fertilizers Klof\u00e1\u010d\" \/>\n<meta property=\"article:modified_time\" content=\"2018-09-13T15:11:43+00:00\" \/>\n<meta name=\"twitter:card\" content=\"summary_large_image\" \/>\n<script type=\"application\/ld+json\" class=\"yoast-schema-graph\">{\"@context\":\"https:\/\/schema.org\",\"@graph\":[{\"@type\":\"WebPage\",\"@id\":\"https:\/\/www.klofac-hnojiva.cz\/o-nas\/\",\"url\":\"https:\/\/www.klofac-hnojiva.cz\/o-nas\/\",\"name\":\"About us - Fertilizers Klof\u00e1\u010d\",\"isPartOf\":{\"@id\":\"https:\/\/www.klofac-hnojiva.cz\/#website\"},\"datePublished\":\"2018-08-28T07:44:14+00:00\",\"dateModified\":\"2018-09-13T15:11:43+00:00\",\"breadcrumb\":{\"@id\":\"https:\/\/www.klofac-hnojiva.cz\/o-nas\/#breadcrumb\"},\"inLanguage\":\"en-US\",\"potentialAction\":[{\"@type\":\"ReadAction\",\"target\":[\"https:\/\/www.klofac-hnojiva.cz\/o-nas\/\"]}]},{\"@type\":\"BreadcrumbList\",\"@id\":\"https:\/\/www.klofac-hnojiva.cz\/o-nas\/#breadcrumb\",\"itemListElement\":[{\"@type\":\"ListItem\",\"position\":1,\"name\":\"Dom\u016f\",\"item\":\"https:\/\/www.klofac-hnojiva.cz\/en\/\"},{\"@type\":\"ListItem\",\"position\":2,\"name\":\"About us\"}]},{\"@type\":\"WebSite\",\"@id\":\"https:\/\/www.klofac-hnojiva.cz\/#website\",\"url\":\"https:\/\/www.klofac-hnojiva.cz\/\",\"name\":\"Fertilizers Klof\u00e1\u010d\",\"description\":\"Leaf fertilizers Klof\u00e1\u010d - unique carbon-based fertilizers\",\"potentialAction\":[{\"@type\":\"SearchAction\",\"target\":{\"@type\":\"EntryPoint\",\"urlTemplate\":\"https:\/\/www.klofac-hnojiva.cz\/?s={search_term_string}\"},\"query-input\":{\"@type\":\"PropertyValueSpecification\",\"valueRequired\":true,\"valueName\":\"search_term_string\"}}],\"inLanguage\":\"en-US\"}]}<\/script>\n<!-- \/ Yoast SEO plugin. -->","yoast_head_json":{"title":"About us - Fertilizers Klof\u00e1\u010d","robots":{"index":"index","follow":"follow","max-snippet":"max-snippet:-1","max-image-preview":"max-image-preview:large","max-video-preview":"max-video-preview:-1"},"canonical":"https:\/\/www.klofac-hnojiva.cz\/o-nas\/","og_locale":"en_US","og_type":"article","og_title":"About us - Fertilizers Klof\u00e1\u010d","og_description":"Production, sales, distribution","og_url":"https:\/\/www.klofac-hnojiva.cz\/o-nas\/","og_site_name":"Fertilizers Klof\u00e1\u010d","article_modified_time":"2018-09-13T15:11:43+00:00","twitter_card":"summary_large_image","schema":{"@context":"https:\/\/schema.org","@graph":[{"@type":"WebPage","@id":"https:\/\/www.klofac-hnojiva.cz\/o-nas\/","url":"https:\/\/www.klofac-hnojiva.cz\/o-nas\/","name":"About us - Fertilizers Klof\u00e1\u010d","isPartOf":{"@id":"https:\/\/www.klofac-hnojiva.cz\/#website"},"datePublished":"2018-08-28T07:44:14+00:00","dateModified":"2018-09-13T15:11:43+00:00","breadcrumb":{"@id":"https:\/\/www.klofac-hnojiva.cz\/o-nas\/#breadcrumb"},"inLanguage":"en-US","potentialAction":[{"@type":"ReadAction","target":["https:\/\/www.klofac-hnojiva.cz\/o-nas\/"]}]},{"@type":"BreadcrumbList","@id":"https:\/\/www.klofac-hnojiva.cz\/o-nas\/#breadcrumb","itemListElement":[{"@type":"ListItem","position":1,"name":"Dom\u016f","item":"https:\/\/www.klofac-hnojiva.cz\/en\/"},{"@type":"ListItem","position":2,"name":"About us"}]},{"@type":"WebSite","@id":"https:\/\/www.klofac-hnojiva.cz\/#website","url":"https:\/\/www.klofac-hnojiva.cz\/","name":"Fertilizers Klof\u00e1\u010d","description":"Leaf fertilizers Klof\u00e1\u010d - unique carbon-based fertilizers","potentialAction":[{"@type":"SearchAction","target":{"@type":"EntryPoint","urlTemplate":"https:\/\/www.klofac-hnojiva.cz\/?s={search_term_string}"},"query-input":{"@type":"PropertyValueSpecification","valueRequired":true,"valueName":"search_term_string"}}],"inLanguage":"en-US"}]}},"_links":{"self":[{"href":"https:\/\/www.klofac-hnojiva.cz\/en\/wp-json\/wp\/v2\/pages\/661","targetHints":{"allow":["GET"]}}],"collection":[{"href":"https:\/\/www.klofac-hnojiva.cz\/en\/wp-json\/wp\/v2\/pages"}],"about":[{"href":"https:\/\/www.klofac-hnojiva.cz\/en\/wp-json\/wp\/v2\/types\/page"}],"author":[{"embeddable":true,"href":"https:\/\/www.klofac-hnojiva.cz\/en\/wp-json\/wp\/v2\/users\/4"}],"replies":[{"embeddable":true,"href":"https:\/\/www.klofac-hnojiva.cz\/en\/wp-json\/wp\/v2\/comments?post=661"}],"version-history":[{"count":1,"href":"https:\/\/www.klofac-hnojiva.cz\/en\/wp-json\/wp\/v2\/pages\/661\/revisions"}],"predecessor-version":[{"id":935,"href":"https:\/\/www.klofac-hnojiva.cz\/en\/wp-json\/wp\/v2\/pages\/661\/revisions\/935"}],"wp:attachment":[{"href":"https:\/\/www.klofac-hnojiva.cz\/en\/wp-json\/wp\/v2\/media?parent=661"}],"curies":[{"name":"wp","href":"https:\/\/api.w.org\/{rel}","templated":true}]}}