{"id":663,"date":"2018-08-28T09:45:14","date_gmt":"2018-08-28T07:45:14","guid":{"rendered":"https:\/\/www.klofac-hnojiva.cz\/about-us\/why-klofac-leaf-fertilizers\/"},"modified":"2020-10-20T10:26:41","modified_gmt":"2020-10-20T08:26:41","slug":"why-klofac-leaf-fertilizers","status":"publish","type":"page","link":"https:\/\/www.klofac-hnojiva.cz\/en\/o-nas\/why-klofac-leaf-fertilizers\/","title":{"rendered":"Why KLOF\u00c1\u010c foliar fertilizers?"},"content":{"rendered":"<p>We develop and test our fertilizers on the basis of our many years of experience; the development and testing of new fertilizers takes place in laboratories and subsequently they are tested and evaluated in natural field conditions. Only fertilizers which show the best results receive final registration.<\/p>\n<p>The direct influence on the yield and quality of individual crops is verified by independent experimentation at the \u00daKZ\u00daZ stations in Brno, at Czech universities or at specialized research institutes both throughout the Czech Republic and abroad.<\/p>\n<p>Foliar fertilizers of the LAMAG, FUMAG and SULFIKA types are the only ones on the market which have, apart from their fertilizing effects, registered supplementary fungicidal effects.<\/p>\n<p>Fertilizers based on carbon have been developed and well received in agricultural work. These fertilizers, in which individual elements are tied to active carbon, have become an integral part of the methodology of plant nutrition for farmers, especially for rape, cereals, sugar beet, potatoes, maize, grapevines and vegetables.<\/p>\n    <div class=\"gallery\">\n            <div class=\"cell\">\n            <a href=\"https:\/\/www.klofac-hnojiva.cz\/wp-content\/uploads\/2018\/07\/hp_slideshow_4.jpg\" class=\"cell-inner\" title=\"test1\">\n                <img decoding=\"async\" data-src=\"https:\/\/www.klofac-hnojiva.cz\/wp-content\/uploads\/2018\/07\/hp_slideshow_4-400x341.jpg\" alt=\"hp_slideshow_4\" src=\"data:image\/gif;base64,R0lGODlhAQABAAAAACH5BAEKAAEALAAAAAABAAEAAAICTAEAOw==\" class=\"lazyload\" style=\"--smush-placeholder-width: 400px; --smush-placeholder-aspect-ratio: 400\/341;\" \/><noscript><img decoding=\"async\" src=\"https:\/\/www.klofac-hnojiva.cz\/wp-content\/uploads\/2018\/07\/hp_slideshow_4-400x341.jpg\" alt=\"hp_slideshow_4\" \/><\/noscript>\n            <\/a>\n        <\/div>\n            <div class=\"cell\">\n            <a href=\"https:\/\/www.klofac-hnojiva.cz\/wp-content\/uploads\/2018\/07\/hp_slideshow_3.jpg\" class=\"cell-inner\" title=\"test2\">\n                <img decoding=\"async\" data-src=\"https:\/\/www.klofac-hnojiva.cz\/wp-content\/uploads\/2018\/07\/hp_slideshow_3-400x341.jpg\" alt=\"hp_slideshow_3\" src=\"data:image\/gif;base64,R0lGODlhAQABAAAAACH5BAEKAAEALAAAAAABAAEAAAICTAEAOw==\" class=\"lazyload\" style=\"--smush-placeholder-width: 400px; --smush-placeholder-aspect-ratio: 400\/341;\" \/><noscript><img decoding=\"async\" src=\"https:\/\/www.klofac-hnojiva.cz\/wp-content\/uploads\/2018\/07\/hp_slideshow_3-400x341.jpg\" alt=\"hp_slideshow_3\" \/><\/noscript>\n            <\/a>\n        <\/div>\n            <div class=\"cell\">\n            <a href=\"https:\/\/www.klofac-hnojiva.cz\/wp-content\/uploads\/2018\/07\/hp_slideshow_2.jpg\" class=\"cell-inner\" title=\"test3\">\n                <img decoding=\"async\" data-src=\"https:\/\/www.klofac-hnojiva.cz\/wp-content\/uploads\/2018\/07\/hp_slideshow_2-400x341.jpg\" alt=\"hp_slideshow_2\" src=\"data:image\/gif;base64,R0lGODlhAQABAAAAACH5BAEKAAEALAAAAAABAAEAAAICTAEAOw==\" class=\"lazyload\" style=\"--smush-placeholder-width: 400px; --smush-placeholder-aspect-ratio: 400\/341;\" \/><noscript><img decoding=\"async\" src=\"https:\/\/www.klofac-hnojiva.cz\/wp-content\/uploads\/2018\/07\/hp_slideshow_2-400x341.jpg\" alt=\"hp_slideshow_2\" \/><\/noscript>\n            <\/a>\n        <\/div>\n            <div class=\"cell\">\n            <a href=\"https:\/\/www.klofac-hnojiva.cz\/wp-content\/uploads\/2018\/07\/hp_slideshow_1.jpg\" class=\"cell-inner\" title=\"test4\">\n                <img decoding=\"async\" data-src=\"https:\/\/www.klofac-hnojiva.cz\/wp-content\/uploads\/2018\/07\/hp_slideshow_1-400x341.jpg\" alt=\"hp_slideshow_1\" src=\"data:image\/gif;base64,R0lGODlhAQABAAAAACH5BAEKAAEALAAAAAABAAEAAAICTAEAOw==\" class=\"lazyload\" style=\"--smush-placeholder-width: 400px; --smush-placeholder-aspect-ratio: 400\/341;\" \/><noscript><img decoding=\"async\" src=\"https:\/\/www.klofac-hnojiva.cz\/wp-content\/uploads\/2018\/07\/hp_slideshow_1-400x341.jpg\" alt=\"hp_slideshow_1\" \/><\/noscript>\n            <\/a>\n        <\/div>\n        <\/div>\n    \n<h2 class=\"headline headline--align-right\"><span>Into the future<\/span><\/h2>\n<p>In the future we are going to concentrate on the production of those fertilizers which, with their characteristics and output, can significantly influence the size of yield and quality of cultivated crop plants. We believe that this presentation will help you to orientate yourself easily in our offer of special fertilizers and help you choose the correct concrete type of fertilizer for your crop plants.<\/p>\n","protected":false},"excerpt":{"rendered":"<p>We develop and test our fertilizers on the basis of our many years of experience; the development and testing of new fertilizers takes place in laboratories and subsequently they are tested and evaluated in natural field conditions. Only fertilizers which show the best results receive final registration. The direct influence on the yield and quality [&hellip;]<\/p>\n","protected":false},"author":4,"featured_media":0,"parent":661,"menu_order":1,"comment_status":"closed","ping_status":"closed","template":"","meta":{"_acf_changed":false,"footnotes":""},"class_list":["post-663","page","type-page","status-publish","hentry"],"acf":[],"yoast_head":"<!-- This site is optimized with the Yoast SEO plugin v23.9 - https:\/\/yoast.com\/wordpress\/plugins\/seo\/ -->\n<title>Why KLOF\u00c1\u010c foliar fertilizers? - Fertilizers Klof\u00e1\u010d<\/title>\n<meta name=\"robots\" content=\"index, follow, max-snippet:-1, max-image-preview:large, max-video-preview:-1\" \/>\n<link rel=\"canonical\" href=\"https:\/\/www.klofac-hnojiva.cz\/o-nas\/proc-listova-hnojiva-klofac\/\" \/>\n<meta property=\"og:locale\" content=\"en_US\" \/>\n<meta property=\"og:type\" content=\"article\" \/>\n<meta property=\"og:title\" content=\"Why KLOF\u00c1\u010c foliar fertilizers? - Fertilizers Klof\u00e1\u010d\" \/>\n<meta property=\"og:description\" content=\"We develop and test our fertilizers on the basis of our many years of experience; the development and testing of new fertilizers takes place in laboratories and subsequently they are tested and evaluated in natural field conditions. Only fertilizers which show the best results receive final registration. The direct influence on the yield and quality [&hellip;]\" \/>\n<meta property=\"og:url\" content=\"https:\/\/www.klofac-hnojiva.cz\/o-nas\/proc-listova-hnojiva-klofac\/\" \/>\n<meta property=\"og:site_name\" content=\"Fertilizers Klof\u00e1\u010d\" \/>\n<meta property=\"article:modified_time\" content=\"2020-10-20T08:26:41+00:00\" \/>\n<meta property=\"og:image\" content=\"https:\/\/www.klofac-hnojiva.cz\/wp-content\/uploads\/2018\/07\/hp_slideshow_4-400x341.jpg\" \/>\n<meta name=\"twitter:card\" content=\"summary_large_image\" \/>\n<meta name=\"twitter:label1\" content=\"Est. reading time\" \/>\n\t<meta name=\"twitter:data1\" content=\"1 minute\" \/>\n<script type=\"application\/ld+json\" class=\"yoast-schema-graph\">{\"@context\":\"https:\/\/schema.org\",\"@graph\":[{\"@type\":\"WebPage\",\"@id\":\"https:\/\/www.klofac-hnojiva.cz\/o-nas\/proc-listova-hnojiva-klofac\/\",\"url\":\"https:\/\/www.klofac-hnojiva.cz\/o-nas\/proc-listova-hnojiva-klofac\/\",\"name\":\"Why KLOF\u00c1\u010c foliar fertilizers? - Fertilizers Klof\u00e1\u010d\",\"isPartOf\":{\"@id\":\"https:\/\/www.klofac-hnojiva.cz\/#website\"},\"datePublished\":\"2018-08-28T07:45:14+00:00\",\"dateModified\":\"2020-10-20T08:26:41+00:00\",\"breadcrumb\":{\"@id\":\"https:\/\/www.klofac-hnojiva.cz\/o-nas\/proc-listova-hnojiva-klofac\/#breadcrumb\"},\"inLanguage\":\"en-US\",\"potentialAction\":[{\"@type\":\"ReadAction\",\"target\":[\"https:\/\/www.klofac-hnojiva.cz\/o-nas\/proc-listova-hnojiva-klofac\/\"]}]},{\"@type\":\"BreadcrumbList\",\"@id\":\"https:\/\/www.klofac-hnojiva.cz\/o-nas\/proc-listova-hnojiva-klofac\/#breadcrumb\",\"itemListElement\":[{\"@type\":\"ListItem\",\"position\":1,\"name\":\"Dom\u016f\",\"item\":\"https:\/\/www.klofac-hnojiva.cz\/en\/\"},{\"@type\":\"ListItem\",\"position\":2,\"name\":\"About us\",\"item\":\"https:\/\/www.klofac-hnojiva.cz\/o-nas\/\"},{\"@type\":\"ListItem\",\"position\":3,\"name\":\"Why KLOF\u00c1\u010c foliar fertilizers?\"}]},{\"@type\":\"WebSite\",\"@id\":\"https:\/\/www.klofac-hnojiva.cz\/#website\",\"url\":\"https:\/\/www.klofac-hnojiva.cz\/\",\"name\":\"Fertilizers Klof\u00e1\u010d\",\"description\":\"Leaf fertilizers Klof\u00e1\u010d - unique carbon-based fertilizers\",\"potentialAction\":[{\"@type\":\"SearchAction\",\"target\":{\"@type\":\"EntryPoint\",\"urlTemplate\":\"https:\/\/www.klofac-hnojiva.cz\/?s={search_term_string}\"},\"query-input\":{\"@type\":\"PropertyValueSpecification\",\"valueRequired\":true,\"valueName\":\"search_term_string\"}}],\"inLanguage\":\"en-US\"}]}<\/script>\n<!-- \/ Yoast SEO plugin. -->","yoast_head_json":{"title":"Why KLOF\u00c1\u010c foliar fertilizers? - Fertilizers Klof\u00e1\u010d","robots":{"index":"index","follow":"follow","max-snippet":"max-snippet:-1","max-image-preview":"max-image-preview:large","max-video-preview":"max-video-preview:-1"},"canonical":"https:\/\/www.klofac-hnojiva.cz\/o-nas\/proc-listova-hnojiva-klofac\/","og_locale":"en_US","og_type":"article","og_title":"Why KLOF\u00c1\u010c foliar fertilizers? - Fertilizers Klof\u00e1\u010d","og_description":"We develop and test our fertilizers on the basis of our many years of experience; the development and testing of new fertilizers takes place in laboratories and subsequently they are tested and evaluated in natural field conditions. Only fertilizers which show the best results receive final registration. The direct influence on the yield and quality [&hellip;]","og_url":"https:\/\/www.klofac-hnojiva.cz\/o-nas\/proc-listova-hnojiva-klofac\/","og_site_name":"Fertilizers Klof\u00e1\u010d","article_modified_time":"2020-10-20T08:26:41+00:00","og_image":[{"url":"https:\/\/www.klofac-hnojiva.cz\/wp-content\/uploads\/2018\/07\/hp_slideshow_4-400x341.jpg"}],"twitter_card":"summary_large_image","twitter_misc":{"Est. reading time":"1 minute"},"schema":{"@context":"https:\/\/schema.org","@graph":[{"@type":"WebPage","@id":"https:\/\/www.klofac-hnojiva.cz\/o-nas\/proc-listova-hnojiva-klofac\/","url":"https:\/\/www.klofac-hnojiva.cz\/o-nas\/proc-listova-hnojiva-klofac\/","name":"Why KLOF\u00c1\u010c foliar fertilizers? - Fertilizers Klof\u00e1\u010d","isPartOf":{"@id":"https:\/\/www.klofac-hnojiva.cz\/#website"},"datePublished":"2018-08-28T07:45:14+00:00","dateModified":"2020-10-20T08:26:41+00:00","breadcrumb":{"@id":"https:\/\/www.klofac-hnojiva.cz\/o-nas\/proc-listova-hnojiva-klofac\/#breadcrumb"},"inLanguage":"en-US","potentialAction":[{"@type":"ReadAction","target":["https:\/\/www.klofac-hnojiva.cz\/o-nas\/proc-listova-hnojiva-klofac\/"]}]},{"@type":"BreadcrumbList","@id":"https:\/\/www.klofac-hnojiva.cz\/o-nas\/proc-listova-hnojiva-klofac\/#breadcrumb","itemListElement":[{"@type":"ListItem","position":1,"name":"Dom\u016f","item":"https:\/\/www.klofac-hnojiva.cz\/en\/"},{"@type":"ListItem","position":2,"name":"About us","item":"https:\/\/www.klofac-hnojiva.cz\/o-nas\/"},{"@type":"ListItem","position":3,"name":"Why KLOF\u00c1\u010c foliar fertilizers?"}]},{"@type":"WebSite","@id":"https:\/\/www.klofac-hnojiva.cz\/#website","url":"https:\/\/www.klofac-hnojiva.cz\/","name":"Fertilizers Klof\u00e1\u010d","description":"Leaf fertilizers Klof\u00e1\u010d - unique carbon-based fertilizers","potentialAction":[{"@type":"SearchAction","target":{"@type":"EntryPoint","urlTemplate":"https:\/\/www.klofac-hnojiva.cz\/?s={search_term_string}"},"query-input":{"@type":"PropertyValueSpecification","valueRequired":true,"valueName":"search_term_string"}}],"inLanguage":"en-US"}]}},"_links":{"self":[{"href":"https:\/\/www.klofac-hnojiva.cz\/en\/wp-json\/wp\/v2\/pages\/663","targetHints":{"allow":["GET"]}}],"collection":[{"href":"https:\/\/www.klofac-hnojiva.cz\/en\/wp-json\/wp\/v2\/pages"}],"about":[{"href":"https:\/\/www.klofac-hnojiva.cz\/en\/wp-json\/wp\/v2\/types\/page"}],"author":[{"embeddable":true,"href":"https:\/\/www.klofac-hnojiva.cz\/en\/wp-json\/wp\/v2\/users\/4"}],"replies":[{"embeddable":true,"href":"https:\/\/www.klofac-hnojiva.cz\/en\/wp-json\/wp\/v2\/comments?post=663"}],"version-history":[{"count":3,"href":"https:\/\/www.klofac-hnojiva.cz\/en\/wp-json\/wp\/v2\/pages\/663\/revisions"}],"predecessor-version":[{"id":1170,"href":"https:\/\/www.klofac-hnojiva.cz\/en\/wp-json\/wp\/v2\/pages\/663\/revisions\/1170"}],"up":[{"embeddable":true,"href":"https:\/\/www.klofac-hnojiva.cz\/en\/wp-json\/wp\/v2\/pages\/661"}],"wp:attachment":[{"href":"https:\/\/www.klofac-hnojiva.cz\/en\/wp-json\/wp\/v2\/media?parent=663"}],"curies":[{"name":"wp","href":"https:\/\/api.w.org\/{rel}","templated":true}]}}